{"id":21532,"date":"2023-02-23T18:25:46","date_gmt":"2023-02-23T16:25:46","guid":{"rendered":"https:\/\/osau.edu.ua\/?page_id=21532"},"modified":"2025-10-15T14:39:50","modified_gmt":"2025-10-15T12:39:50","slug":"informatsiya-shhodo-mizhnarodnyh-dokumentiv-pro-spivpratsyu-dogovory-ugody-memorandumy-odau","status":"publish","type":"page","link":"https:\/\/osau.edu.ua\/en\/pro-universytet\/pratsivnykam\/informatsiya-shhodo-mizhnarodnyh-dokumentiv-pro-spivpratsyu-dogovory-ugody-memorandumy-odau\/","title":{"rendered":"International documents on cooperation (Agreements, Memorandums) of  OSAU"},"content":{"rendered":"<p>&nbsp;<\/p>\n<p style=\"text-align: center;\">\n<style type=\"text\/css\">\n   TABLE {border-collapse: collapse; background: #fff; width: 100%; }  table thead {background: hsla(141, 49%, 60%, 0.2);} TD, TH {    padding: 5px;    border: 2px solid green;   } <\/style>\n<style> @media (max-width: 780px) {table thead {display: none;} table td:before {content: attr(data-label);   float: left;   \/* text-transform: uppercase; *\/   font-weight: bold;    display: block;    padding: 0 8px;    background: hsla(141, 49%, 60%, 0.2);} table td {    display: block;    text-align: right;    font-size: 13px;    border: 0;    border-bottom: 1px dotted #a0a0a0;    width: 100%;}table tr {    margin-bottom: 10px;    display: block;        border-bottom: 2px solid #00b140;}}<\/style>\n<\/p>\n<p>&nbsp;<\/p>\n<p>&nbsp;<\/p>\n<table width=\"966\">\n<tbody>\n<tr>\n<td width=\"36\"><strong>\u2116 <\/strong><\/td>\n<td width=\"132\"><strong>Country<\/strong><\/td>\n<td width=\"198\"><strong>Partner institution<\/strong><\/td>\n<td width=\"180\"><strong>The document <\/strong><strong>under<\/strong><strong> which cooperation is carried out<\/strong><\/td>\n<td width=\"142\"><strong>Year of signature and validity<\/strong><\/td>\n<\/tr>\n<tr>\n<td width=\"36\">1<\/td>\n<td width=\"132\">Azerbaijan<\/td>\n<td width=\"198\">Azerbaijan State Agricultural University<\/td>\n<td width=\"180\">Memorandum of Understanding<\/td>\n<td width=\"142\">2021 &#8211; 2026<\/p>\n<p>&nbsp;<\/td>\n<\/tr>\n<tr>\n<td width=\"36\">2<\/td>\n<td width=\"132\">Georgia<\/td>\n<td width=\"198\">Georgian Academy of Agricultural Sciences<\/td>\n<td width=\"180\">Agreement on Cooperation<\/td>\n<td width=\"142\">2021 -2026<\/td>\n<\/tr>\n<tr>\n<td width=\"36\">3<\/td>\n<td width=\"132\">China<\/td>\n<td width=\"198\">Yichun University<\/td>\n<td width=\"180\">Memorandum of Understanding<\/td>\n<td width=\"142\">2019<\/p>\n<p>unlimited duration<\/td>\n<\/tr>\n<tr>\n<td width=\"36\">4<\/td>\n<td width=\"132\">Germany<\/td>\n<td width=\"198\">German Academy of Agriculture DEULA-Nienburg<\/td>\n<td width=\"180\">Memorandum on mutual cooperation in the field of technical and professional education<\/td>\n<td width=\"142\">2014<\/p>\n<p>unlimited duration<\/td>\n<\/tr>\n<tr>\n<td width=\"36\">5<\/td>\n<td width=\"132\">Republic of Korea<\/td>\n<td width=\"198\">Chonbuk National University<\/td>\n<td width=\"180\">Memorandum of Understanding<\/td>\n<td width=\"142\">2018<\/p>\n<p>unlimited duration<\/td>\n<\/tr>\n<tr>\n<td width=\"36\">6<\/td>\n<td width=\"132\">Bulgaria<\/td>\n<td width=\"198\">University of Economics &#8211; Varna<\/td>\n<td width=\"180\">Agreement of cooperation and organization of relations<\/td>\n<td width=\"142\">2021 &#8211;\u00a0 2026<\/td>\n<\/tr>\n<tr>\n<td width=\"36\">7<\/td>\n<td width=\"132\">Bulgaria<\/td>\n<td width=\"198\">Technical University\u00a0 &#8211; Varna<\/td>\n<td width=\"180\">Memorandum of Understanding<\/td>\n<td width=\"142\">2021 &#8211;\u00a0 2026<\/td>\n<\/tr>\n<tr>\n<td width=\"36\">8<\/td>\n<td width=\"132\">Bulgaria<\/td>\n<td width=\"198\">The University of Forestry, Sofia<\/td>\n<td width=\"180\">Academic Cooperation Framework Agreement<\/td>\n<td width=\"142\">2021 &#8211; 2026<\/td>\n<\/tr>\n<tr>\n<td width=\"36\">9<\/td>\n<td width=\"132\">Bulgaria<\/td>\n<td width=\"198\">Agricultural University, Plovdiv<\/td>\n<td width=\"180\">Agreement on Cooperation<\/td>\n<td width=\"142\">2020 &#8211; 2025<\/td>\n<\/tr>\n<tr>\n<td width=\"36\">10<\/td>\n<td width=\"132\">Bulgaria<\/td>\n<td width=\"198\">Nikola \u0420\u043eushk\u0430r\u043ev Institute of Soil Science, Agrotechnology and Plant Protection<\/td>\n<td width=\"180\">Memorandum on cooperation<\/td>\n<td width=\"142\">2019<\/p>\n<p>unlimited duration<\/td>\n<\/tr>\n<tr>\n<td width=\"36\">11<\/td>\n<td width=\"132\">Kazakhstan<\/td>\n<td width=\"198\">The West Kazakhstan Agrarian And Technical University Named after Zhangir Khan<\/td>\n<td width=\"180\">Agreement on Cooperation in the field of higher education and science<\/td>\n<td width=\"142\">2012<\/p>\n<p>unlimited duration<\/td>\n<\/tr>\n<tr>\n<td width=\"36\">12<\/td>\n<td width=\"132\">Moldova<\/td>\n<td width=\"198\">State Agrarian University of Moldova<\/td>\n<td width=\"180\">Agreement of Cooperation<\/td>\n<td width=\"142\">2021 &#8211; 2026<\/p>\n<p>&nbsp;<\/td>\n<\/tr>\n<tr>\n<td width=\"36\">13<\/td>\n<td width=\"132\">Poland<\/td>\n<td width=\"198\">Lublin University of Technology<\/td>\n<td width=\"180\">Agreement of Cooperation<\/td>\n<td width=\"142\">2013<\/p>\n<p>unlimited duration<\/td>\n<\/tr>\n<tr>\n<td width=\"36\">14<\/td>\n<td width=\"132\">Poland<\/td>\n<td width=\"198\">Institute \u043ef Agricultural and Food Economics -National R\u0435s\u0435\u0430\u0433\u0441h Institute, Warsaw<\/td>\n<td width=\"180\">Cooperation Contract<\/td>\n<td width=\"142\">2011<\/p>\n<p>unlimited duration<\/td>\n<\/tr>\n<tr>\n<td width=\"36\">15<\/td>\n<td width=\"132\">Poland<\/td>\n<td width=\"198\">Siedlce University of Natural Sciences and\u00a0 Humanities<\/td>\n<td width=\"180\">Agreement on Cooperation<\/td>\n<td width=\"142\">2019-2024<\/td>\n<\/tr>\n<tr>\n<td width=\"36\">16<\/td>\n<td width=\"132\">Poland<\/td>\n<td width=\"198\">University of \u0410gri\u0441ulture in Krakow<\/td>\n<td width=\"180\">Agreement on Cooperation<\/td>\n<td width=\"142\">2022 &#8211; 2027<\/td>\n<\/tr>\n<tr>\n<td width=\"36\">17<\/td>\n<td width=\"132\">Poland<\/td>\n<td width=\"198\">University of Technology and Life Sciences in Bydgoszcz<\/td>\n<td width=\"180\">Agreement<\/td>\n<td width=\"142\">2012<\/p>\n<p>unlimited duration<\/td>\n<\/tr>\n<tr>\n<td width=\"36\">18<\/td>\n<td width=\"132\">Tajikistan<\/td>\n<td width=\"198\">Tajik Agrarian University named Shirinsho Shotemur<\/td>\n<td width=\"180\">Agreement on Cooperation<\/td>\n<td width=\"142\">2021- 2026<\/td>\n<\/tr>\n<tr>\n<td width=\"36\">19<\/td>\n<td width=\"132\">Romania<\/td>\n<td width=\"198\">ARTIFEX University of Bucharest<\/td>\n<td width=\"180\">Agreement on partnership,\u00a0 cooperation and scientific exchange<\/td>\n<td width=\"142\">2021 &#8211; 2026<\/p>\n<p>&nbsp;<\/td>\n<\/tr>\n<tr>\n<td width=\"36\">20<\/td>\n<td width=\"132\">Romania<\/td>\n<td width=\"198\">University\u00a0of\u00a0Life\u00a0Sciences,<\/p>\n<p>Ia\u0219i<\/td>\n<td width=\"180\">Agreement on Cooperation<\/td>\n<td width=\"142\">2023 &#8211; 2028<\/td>\n<\/tr>\n<tr>\n<td width=\"36\">21<\/td>\n<td width=\"132\">T\u00fcrkiye<\/td>\n<td width=\"198\">Atat\u00fcrk University,<\/p>\n<p>Erzurum<\/td>\n<td width=\"180\">Agreement on Cooperation, Memorandum of Cooperation<\/td>\n<td width=\"142\">2020 -2025<\/p>\n<p>&nbsp;<\/td>\n<\/tr>\n<tr>\n<td width=\"36\">22<\/td>\n<td width=\"132\">the Philippines<\/td>\n<td width=\"198\">Mindanao State University<\/td>\n<td width=\"180\">Memorandum of Understanding<\/td>\n<td width=\"142\">2019 &#8211; 2025<\/td>\n<\/tr>\n<tr>\n<td width=\"36\">23<\/td>\n<td width=\"132\">Croatia<\/td>\n<td width=\"198\">&nbsp;<\/p>\n<p>University of Applied Sciences<\/p>\n<p>\u201cLavoslav Ru\u017ei\u010dka\u201d,<\/p>\n<p>Vukovar<\/td>\n<td width=\"180\">Inter-institutional agreement Key Action 1 Learning mobility for higher education students and staff<\/td>\n<td width=\"142\">2024-2026<\/td>\n<\/tr>\n<tr>\n<td width=\"36\">24<\/td>\n<td width=\"132\">Poland<\/td>\n<td width=\"198\">Pozna\u0144 University of Life Sciences<\/td>\n<td width=\"180\">Agreement on Cooperation<\/td>\n<td width=\"142\">2023<\/p>\n<p>unlimited duration<\/td>\n<\/tr>\n<tr>\n<td width=\"36\">25<\/td>\n<td width=\"132\">Poland<\/td>\n<td width=\"198\"><em>Wy\u017csza Szko\u0142a Zarz\u0105dzania i Przedsi\u0119biorczo\u015bci,<\/em><em> Wa\u0142brzych<\/em><\/td>\n<td width=\"180\">Agreement on Cooperation<\/td>\n<td width=\"142\">2023 &#8211; 2028<\/td>\n<\/tr>\n<tr>\n<td width=\"36\">26<\/td>\n<td width=\"132\">Poland<\/td>\n<td width=\"198\">Ukrainian University in Europe \u2013 Foundation, \u041ar\u0430kow<\/td>\n<td width=\"180\">Memorandum of Understanding on Scientific and Educational Cooperation<\/td>\n<td width=\"142\">2023 &#8211; 2028<\/td>\n<\/tr>\n<tr>\n<td width=\"36\">27<\/td>\n<td width=\"132\">Italy<\/td>\n<td width=\"198\">University of\u00a0 Messina (UniME)<\/td>\n<td width=\"180\">Inter-institutional agreement Key Action 1 Learning mobility for higher education students and staff<\/td>\n<td width=\"142\">2023-2025<\/td>\n<\/tr>\n<tr>\n<td width=\"36\">28<\/td>\n<td width=\"132\">Indonesia<\/td>\n<td width=\"198\">University of Science &amp; Computer (STEKOM)<\/td>\n<td width=\"180\">Memorandum of Understanding<\/td>\n<td width=\"142\">2023-2028<\/td>\n<\/tr>\n<tr>\n<td width=\"36\">29<\/td>\n<td width=\"132\">Cyprus<\/td>\n<td width=\"198\">School of Veterinary Medicine, University of Nicosia<\/td>\n<td width=\"180\">Memorandum of Understanding<\/td>\n<td width=\"142\">2023<\/p>\n<p>unlimited duration<\/td>\n<\/tr>\n<tr>\n<td width=\"36\">30<\/td>\n<td width=\"132\">Germany<\/td>\n<td width=\"198\">University of Veterinary Medicine, Hannover<\/td>\n<td width=\"180\">Inter-institutional agreement Key Action 1 Learning mobility for higher education students and staff<\/td>\n<td width=\"142\">2023-2025<\/td>\n<\/tr>\n<tr>\n<td width=\"36\">31<\/td>\n<td width=\"132\">Poland<\/td>\n<td width=\"198\">International Academy of Applied Sciences in Lom\u017ca<\/td>\n<td width=\"180\">Agreement on Scientific, Educational, Informational, Exchange and Cultural Cooperation<\/td>\n<td width=\"142\">2024 \u2013 2029<\/td>\n<\/tr>\n<tr>\n<td width=\"36\">32<\/td>\n<td width=\"132\">T\u00fcrkiye<\/td>\n<td width=\"198\">Ankara University<\/td>\n<td width=\"180\">Memorandum of Understanding<\/td>\n<td width=\"142\">2024 \u2013 2029<\/p>\n<p>&nbsp;<\/td>\n<\/tr>\n<tr>\n<td width=\"36\">33<\/td>\n<td width=\"132\">Sweden<\/td>\n<td width=\"198\">The Swedish University of Agricultural Sciences (SLU), Uppsala<\/td>\n<td width=\"180\">Memorandum of Understanding<\/td>\n<td width=\"142\">2024<\/p>\n<p>unlimited duration<\/td>\n<\/tr>\n<tr>\n<td width=\"36\">34<\/td>\n<td width=\"132\">Bosnia and Herzegovina<\/td>\n<td width=\"198\">FINRA University,<\/p>\n<p>Tuzla<\/td>\n<td width=\"180\">Cooperation Agreement<\/td>\n<td width=\"142\">2024 \u2013 2029<\/td>\n<\/tr>\n<tr>\n<td width=\"36\">35<\/td>\n<td width=\"132\">Georgia<\/td>\n<td width=\"198\">Kutaisi University<\/td>\n<td width=\"180\">Memorandum of Understanding<\/td>\n<td width=\"142\">2024<\/p>\n<p>unlimited duration<\/p>\n<p>&nbsp;<\/td>\n<\/tr>\n<tr>\n<td width=\"36\">36<\/td>\n<td width=\"132\">Croatia<\/td>\n<td width=\"198\">University of Applied Sciences<\/p>\n<p>\u201cLavoslav Ru\u017ei\u010dka\u201d,<\/p>\n<p>Vukovar<\/td>\n<td width=\"180\">Memorandum of Understanding<\/td>\n<td width=\"142\">2024<\/p>\n<p>unlimited duration<\/td>\n<\/tr>\n<tr>\n<td width=\"36\">37<\/td>\n<td width=\"132\">Georgia<\/td>\n<td width=\"198\">Georgian Institute of Public Affairs (GIPA)<\/td>\n<td width=\"180\">Memorandum of Understanding<\/td>\n<td width=\"142\">2024 \u2013 2029<\/td>\n<\/tr>\n<tr>\n<td width=\"36\">38<\/td>\n<td width=\"132\">Bosnia and Herzegovina<\/td>\n<td width=\"198\">University of Tuzla<\/td>\n<td width=\"180\">Memorandum of Understanding<\/td>\n<td width=\"142\">2024 \u2013 2029<\/td>\n<\/tr>\n<tr>\n<td width=\"36\">39<\/td>\n<td width=\"132\">T\u00fcrkiye<\/p>\n<p>&nbsp;<\/td>\n<td width=\"198\">Karadeniz Technical University (KTU)<\/td>\n<td width=\"180\">Memorandum of Understanding on International Cooperation<\/td>\n<td width=\"142\">2024<\/p>\n<p>unlimited duration<\/td>\n<\/tr>\n<tr>\n<td width=\"36\">40<\/td>\n<td width=\"132\">Latvia<\/td>\n<td width=\"198\">Riga Nordic University<\/td>\n<td width=\"180\">Agreement on Cooperation and organization of relations<\/td>\n<td width=\"142\">2024 \u2013 2029<\/td>\n<\/tr>\n<tr>\n<td width=\"36\">41<\/td>\n<td width=\"132\">T\u00fcrkiye<\/p>\n<p>&nbsp;<\/td>\n<td width=\"198\">Tekirdag Namik Kemal University<\/td>\n<td width=\"180\">Inter-institutional agreement Key Action 1 Learning mobility for higher education students and staff<\/td>\n<td width=\"142\">2024\u2013 2026<\/td>\n<\/tr>\n<tr>\n<td width=\"36\">42<\/td>\n<td width=\"132\">Norway<\/td>\n<td width=\"198\">The Educational Equality Institute (TEEI), Oslo<\/td>\n<td width=\"180\">Memorandum of Understanding<\/td>\n<td width=\"142\">2024<\/p>\n<p>unlimited duration<\/td>\n<\/tr>\n<tr>\n<td width=\"36\">43<\/td>\n<td width=\"132\">India<\/td>\n<td width=\"198\">Dayananda Sagar University, Bangalore<\/td>\n<td width=\"180\">Memorandum of Understanding<\/td>\n<td width=\"142\">2024 \u2013 2029<\/td>\n<\/tr>\n<tr>\n<td width=\"36\">44<\/td>\n<td width=\"132\">Albania<\/td>\n<td width=\"198\">University of New York Tirana<\/td>\n<td width=\"180\">Memorandum of Understanding<\/td>\n<td width=\"142\">2024 \u2013 2029<\/td>\n<\/tr>\n<tr>\n<td width=\"36\">45<\/td>\n<td width=\"132\">Azerbaijan<\/td>\n<td width=\"198\">Western Caspian University, Baku<\/td>\n<td width=\"180\">Memorandum of Understanding<\/td>\n<td width=\"142\">2024 \u2013 2029<\/td>\n<\/tr>\n<tr>\n<td width=\"36\">46<\/td>\n<td width=\"132\">Poland<\/td>\n<td width=\"198\">Non-governmental organization \u201cGreen Cone\u201d, <em>Bia\u0142ogard<\/em><\/td>\n<td width=\"180\">Agreement on Cooperation<\/td>\n<td width=\"142\">2024<\/p>\n<p>unlimited duration<\/td>\n<\/tr>\n<tr>\n<td width=\"36\">47<\/td>\n<td width=\"132\">Germany<\/td>\n<td width=\"198\">Anhalt University of Applied Sciences, K\u00f6then<\/td>\n<td width=\"180\">Memorandum of Understanding<\/td>\n<td width=\"142\">2025<\/p>\n<p>unlimited duration<\/td>\n<\/tr>\n<tr>\n<td width=\"36\">48<\/td>\n<td width=\"132\">Germany<\/td>\n<td width=\"198\">Ostbayerische Technische Hochschule (OTH) Amberg-Weiden<\/td>\n<td width=\"180\">Partnership Agreement<\/td>\n<td width=\"142\">2025<\/p>\n<p>unlimited duration<\/td>\n<\/tr>\n<tr>\n<td width=\"36\">49<\/td>\n<td width=\"132\">Italy<\/td>\n<td width=\"198\">International Centre for Advanced Mediterranean Agronomic Studies &#8211; Mediterranean Agronomic Institute of Bari<\/p>\n<p>( \u201cCIHEAM Bari\u201d)<\/td>\n<td width=\"180\">Memorandum of Understanding<\/td>\n<td width=\"142\">2025 &#8211; 2030<\/td>\n<\/tr>\n<tr>\n<td width=\"36\">50<\/td>\n<td width=\"132\">Greece<\/td>\n<td width=\"198\">GREEK CHALLENGE (GC)<\/td>\n<td width=\"180\">Cooperation Agreement<\/td>\n<td width=\"142\">2025<\/p>\n<p>unlimited duration<\/td>\n<\/tr>\n<tr>\n<td width=\"36\">51<\/td>\n<td width=\"132\">Bosnia and Herzegovina<\/td>\n<td width=\"198\">University College \u201cCEPS \u2013 Center for Business Studies\u201d<\/td>\n<td width=\"180\">Memorandum of Understanding<\/td>\n<td width=\"142\">2025<\/p>\n<p>unlimited duration<\/td>\n<\/tr>\n<tr>\n<td width=\"36\">52<\/td>\n<td width=\"132\">T\u00fcrkiye<\/p>\n<p><strong>\u00a0<\/strong><\/td>\n<td width=\"198\">Karadeniz Technical University (KTU)<\/td>\n<td width=\"180\">Inter-institutional agreement Key Action 1 Learning mobility for higher education students and staff<\/td>\n<td width=\"142\">2025 -2027<\/td>\n<\/tr>\n<tr>\n<td width=\"36\">53<\/td>\n<td width=\"132\">Lithuania<\/td>\n<td width=\"198\">Vytautas Magnus University (VMU), Kaunas<\/td>\n<td width=\"180\">Memorandum of Understanding<\/td>\n<td width=\"142\">2025<\/p>\n<p>unlimited duration<\/td>\n<\/tr>\n<tr>\n<td width=\"36\">54<\/td>\n<td width=\"132\">Germany<\/td>\n<td width=\"198\">Anhalt University of Applied Sciences, K\u00f6then<\/td>\n<td width=\"180\">Inter-institutional agreement Key Action 1 Learning mobility for higher education students and staff<\/td>\n<td width=\"142\">2025- 2027<\/td>\n<\/tr>\n<\/tbody>\n<\/table>\n<p>&nbsp;<\/p>","protected":false},"excerpt":{"rendered":"<p>&nbsp; &nbsp; &nbsp; \u2116 Country Partner institution The document under which cooperation is carried out Year of signature and validity 1 Azerbaijan Azerbaijan State Agricultural University Memorandum of Understanding 2021 &#8211; 2026 &nbsp; 2 Georgia Georgian Academy of Agricultural Sciences Agreement on Cooperation 2021 -2026 3 China Yichun University Memorandum of Understanding 2019 unlimited duration [&hellip;]<\/p>\n","protected":false},"author":6,"featured_media":21533,"parent":6256,"menu_order":13,"comment_status":"closed","ping_status":"closed","template":"","meta":{"footnotes":""},"class_list":["post-21532","page","type-page","status-publish","has-post-thumbnail","hentry"],"yoast_head":"<!-- This site is optimized with the Yoast SEO plugin v25.6 - https:\/\/yoast.com\/wordpress\/plugins\/seo\/ -->\n<title>International documents on cooperation (Agreements, Memorandums) of OSAU - Odesa State Agrarian University. Extramural<\/title>\n<meta name=\"robots\" content=\"index, follow, max-snippet:-1, max-image-preview:large, max-video-preview:-1\" \/>\n<link rel=\"canonical\" href=\"https:\/\/osau.edu.ua\/en\/pro-universytet\/pratsivnykam\/informatsiya-shhodo-mizhnarodnyh-dokumentiv-pro-spivpratsyu-dogovory-ugody-memorandumy-odau\/\" \/>\n<meta property=\"og:locale\" content=\"en_US\" \/>\n<meta property=\"og:type\" content=\"article\" \/>\n<meta property=\"og:title\" content=\"International documents on cooperation (Agreements, Memorandums) of OSAU - Odesa State Agrarian University. Extramural\" \/>\n<meta property=\"og:description\" content=\"&nbsp; &nbsp; &nbsp; \u2116 Country Partner institution The document under which cooperation is carried out Year of signature and validity 1 Azerbaijan Azerbaijan State Agricultural University Memorandum of Understanding 2021 &#8211; 2026 &nbsp; 2 Georgia Georgian Academy of Agricultural Sciences Agreement on Cooperation 2021 -2026 3 China Yichun University Memorandum of Understanding 2019 unlimited duration [&hellip;]\" \/>\n<meta property=\"og:url\" content=\"https:\/\/osau.edu.ua\/en\/pro-universytet\/pratsivnykam\/informatsiya-shhodo-mizhnarodnyh-dokumentiv-pro-spivpratsyu-dogovory-ugody-memorandumy-odau\/\" \/>\n<meta property=\"og:site_name\" content=\"Odesa State Agrarian University. Extramural\" \/>\n<meta property=\"article:modified_time\" content=\"2025-10-15T12:39:50+00:00\" \/>\n<meta property=\"og:image\" content=\"https:\/\/osau.edu.ua\/wp-content\/uploads\/2023\/02\/Contract-report.jpg\" \/>\n\t<meta property=\"og:image:width\" content=\"1801\" \/>\n\t<meta property=\"og:image:height\" content=\"1118\" \/>\n\t<meta property=\"og:image:type\" content=\"image\/jpeg\" \/>\n<meta name=\"twitter:card\" content=\"summary_large_image\" \/>\n<meta name=\"twitter:label1\" content=\"Est. reading time\" \/>\n\t<meta name=\"twitter:data1\" content=\"5 minutes\" \/>\n<!-- \/ Yoast SEO plugin. -->","yoast_head_json":{"title":"International documents on cooperation (Agreements, Memorandums) of OSAU - Odesa State Agrarian University. Extramural","robots":{"index":"index","follow":"follow","max-snippet":"max-snippet:-1","max-image-preview":"max-image-preview:large","max-video-preview":"max-video-preview:-1"},"canonical":"https:\/\/osau.edu.ua\/en\/pro-universytet\/pratsivnykam\/informatsiya-shhodo-mizhnarodnyh-dokumentiv-pro-spivpratsyu-dogovory-ugody-memorandumy-odau\/","og_locale":"en_US","og_type":"article","og_title":"International documents on cooperation (Agreements, Memorandums) of OSAU - Odesa State Agrarian University. Extramural","og_description":"&nbsp; &nbsp; &nbsp; \u2116 Country Partner institution The document under which cooperation is carried out Year of signature and validity 1 Azerbaijan Azerbaijan State Agricultural University Memorandum of Understanding 2021 &#8211; 2026 &nbsp; 2 Georgia Georgian Academy of Agricultural Sciences Agreement on Cooperation 2021 -2026 3 China Yichun University Memorandum of Understanding 2019 unlimited duration [&hellip;]","og_url":"https:\/\/osau.edu.ua\/en\/pro-universytet\/pratsivnykam\/informatsiya-shhodo-mizhnarodnyh-dokumentiv-pro-spivpratsyu-dogovory-ugody-memorandumy-odau\/","og_site_name":"Odesa State Agrarian University. Extramural","article_modified_time":"2025-10-15T12:39:50+00:00","og_image":[{"width":1801,"height":1118,"url":"https:\/\/osau.edu.ua\/wp-content\/uploads\/2023\/02\/Contract-report.jpg","type":"image\/jpeg"}],"twitter_card":"summary_large_image","twitter_misc":{"Est. reading time":"5 minutes"},"schema":{"@context":"https:\/\/schema.org","@graph":[{"@type":"WebPage","@id":"https:\/\/osau.edu.ua\/en\/pro-universytet\/pratsivnykam\/informatsiya-shhodo-mizhnarodnyh-dokumentiv-pro-spivpratsyu-dogovory-ugody-memorandumy-odau\/","url":"https:\/\/osau.edu.ua\/en\/pro-universytet\/pratsivnykam\/informatsiya-shhodo-mizhnarodnyh-dokumentiv-pro-spivpratsyu-dogovory-ugody-memorandumy-odau\/","name":"International documents on cooperation (Agreements, Memorandums) of OSAU - Odesa State Agrarian University. Extramural","isPartOf":{"@id":"https:\/\/osau.edu.ua\/#website"},"primaryImageOfPage":{"@id":"https:\/\/osau.edu.ua\/en\/pro-universytet\/pratsivnykam\/informatsiya-shhodo-mizhnarodnyh-dokumentiv-pro-spivpratsyu-dogovory-ugody-memorandumy-odau\/#primaryimage"},"image":{"@id":"https:\/\/osau.edu.ua\/en\/pro-universytet\/pratsivnykam\/informatsiya-shhodo-mizhnarodnyh-dokumentiv-pro-spivpratsyu-dogovory-ugody-memorandumy-odau\/#primaryimage"},"thumbnailUrl":"https:\/\/osau.edu.ua\/wp-content\/uploads\/2023\/02\/Contract-report.jpg","datePublished":"2023-02-23T16:25:46+00:00","dateModified":"2025-10-15T12:39:50+00:00","breadcrumb":{"@id":"https:\/\/osau.edu.ua\/en\/pro-universytet\/pratsivnykam\/informatsiya-shhodo-mizhnarodnyh-dokumentiv-pro-spivpratsyu-dogovory-ugody-memorandumy-odau\/#breadcrumb"},"inLanguage":"en-US","potentialAction":[{"@type":"ReadAction","target":["https:\/\/osau.edu.ua\/en\/pro-universytet\/pratsivnykam\/informatsiya-shhodo-mizhnarodnyh-dokumentiv-pro-spivpratsyu-dogovory-ugody-memorandumy-odau\/"]}]},{"@type":"ImageObject","inLanguage":"en-US","@id":"https:\/\/osau.edu.ua\/en\/pro-universytet\/pratsivnykam\/informatsiya-shhodo-mizhnarodnyh-dokumentiv-pro-spivpratsyu-dogovory-ugody-memorandumy-odau\/#primaryimage","url":"https:\/\/osau.edu.ua\/wp-content\/uploads\/2023\/02\/Contract-report.jpg","contentUrl":"https:\/\/osau.edu.ua\/wp-content\/uploads\/2023\/02\/Contract-report.jpg","width":1801,"height":1118,"caption":"Business report. Graphs and charts.Business concept."},{"@type":"BreadcrumbList","@id":"https:\/\/osau.edu.ua\/en\/pro-universytet\/pratsivnykam\/informatsiya-shhodo-mizhnarodnyh-dokumentiv-pro-spivpratsyu-dogovory-ugody-memorandumy-odau\/#breadcrumb","itemListElement":[{"@type":"ListItem","position":1,"name":"Home","item":"https:\/\/osau.edu.ua\/"},{"@type":"ListItem","position":2,"name":"About university","item":"https:\/\/osau.edu.ua\/en\/pro-universytet\/"},{"@type":"ListItem","position":3,"name":"\u041e\u0441\u0432\u0456\u0442\u043d\u0456\u0439 \u043f\u0440\u043e\u0446\u0435\u0441","item":"https:\/\/osau.edu.ua\/pro-universytet\/pratsivnykam\/"},{"@type":"ListItem","position":4,"name":"International documents on cooperation (Agreements, Memorandums) of OSAU"}]},{"@type":"WebSite","@id":"https:\/\/osau.edu.ua\/#website","url":"https:\/\/osau.edu.ua\/","name":"Odesa State Agrarian University. Extramural","description":"Odesa State Agrarian University. Extramural","potentialAction":[{"@type":"SearchAction","target":{"@type":"EntryPoint","urlTemplate":"https:\/\/osau.edu.ua\/?s={search_term_string}"},"query-input":{"@type":"PropertyValueSpecification","valueRequired":true,"valueName":"search_term_string"}}],"inLanguage":"en-US"}]}},"_links":{"self":[{"href":"https:\/\/osau.edu.ua\/en\/wp-json\/wp\/v2\/pages\/21532","targetHints":{"allow":["GET"]}}],"collection":[{"href":"https:\/\/osau.edu.ua\/en\/wp-json\/wp\/v2\/pages"}],"about":[{"href":"https:\/\/osau.edu.ua\/en\/wp-json\/wp\/v2\/types\/page"}],"author":[{"embeddable":true,"href":"https:\/\/osau.edu.ua\/en\/wp-json\/wp\/v2\/users\/6"}],"replies":[{"embeddable":true,"href":"https:\/\/osau.edu.ua\/en\/wp-json\/wp\/v2\/comments?post=21532"}],"version-history":[{"count":0,"href":"https:\/\/osau.edu.ua\/en\/wp-json\/wp\/v2\/pages\/21532\/revisions"}],"up":[{"embeddable":true,"href":"https:\/\/osau.edu.ua\/en\/wp-json\/wp\/v2\/pages\/6256"}],"wp:featuredmedia":[{"embeddable":true,"href":"https:\/\/osau.edu.ua\/en\/wp-json\/wp\/v2\/media\/21533"}],"wp:attachment":[{"href":"https:\/\/osau.edu.ua\/en\/wp-json\/wp\/v2\/media?parent=21532"}],"curies":[{"name":"wp","href":"https:\/\/api.w.org\/{rel}","templated":true}]}}